{"id":119,"date":"2018-10-10T14:22:30","date_gmt":"2018-10-10T14:22:30","guid":{"rendered":"http:\/\/paginas.facmed.unam.mx\/deptos\/emb\/?page_id=119"},"modified":"2026-03-05T19:34:33","modified_gmt":"2026-03-05T19:34:33","slug":"colores","status":"publish","type":"page","link":"https:\/\/embriologia.facmed.unam.mx\/index.php\/colores\/","title":{"rendered":"ESTUDIANTES"},"content":{"rendered":"<p>[et_pb_section fb_built=&#8221;1&#8243; _builder_version=&#8221;4.23.1&#8243; _module_preset=&#8221;default&#8221; background_image=&#8221;https:\/\/embriologia.facmed.unam.mx\/wp-content\/uploads\/2019\/01\/IMG_0285.jpg&#8221; global_colors_info=&#8221;{}&#8221;][et_pb_row column_structure=&#8221;1_3,1_3,1_3&#8243; _builder_version=&#8221;4.23.1&#8243; _module_preset=&#8221;default&#8221; background_enable_image=&#8221;off&#8221; global_colors_info=&#8221;{}&#8221;][et_pb_column type=&#8221;1_3&#8243; _builder_version=&#8221;4.23.1&#8243; _module_preset=&#8221;default&#8221; global_colors_info=&#8221;{}&#8221;][et_pb_accordion _builder_version=&#8221;4.23.1&#8243; _module_preset=&#8221;default&#8221; global_colors_info=&#8221;{}&#8221;][et_pb_accordion_item title=&#8221;Programas Acad\u00e9micos&#8221; open=&#8221;on&#8221; _builder_version=&#8221;4.23.1&#8243; _module_preset=&#8221;default&#8221; global_colors_info=&#8221;{}&#8221;]<\/p>\n<p><a href=\"https:\/\/embriologia.facmed.unam.mx\/wp-content\/uploads\/2022\/08\/Plan-2010-actualizacio%CC%81n-Agosto-2022.pdf\" rel=\"attachment noopener wp-att-3283\" style=\"box-sizing: border-box; text-decoration: none; margin: 0px; padding: 0px; border: 0px; outline: 0px; font-size: 14px; text-size-adjust: 100%; vertical-align: baseline; background: #ffffff; color: #269fe3; font-family: Montserrat, Helvetica, Arial, Lucida, sans-serif; font-style: normal; font-variant-ligatures: normal; font-variant-caps: normal; font-weight: 500; letter-spacing: normal; orphans: 2; text-align: start; text-indent: 0px; text-transform: none; widows: 2; word-spacing: 0px; -webkit-text-stroke-width: 0px; white-space: normal;\" target=\"_blank\">PLAN 2010 ACTUALIZACI\u00d3N AGOSTO 2022<\/a><\/p>\n<p><a href=\"https:\/\/escolares.facmed.unam.mx\/calendarios\/mc\/20252026\/calendario_primer_20260.pdf?a=202511212209\" rel=\"attachment noopener wp-att-4243\" target=\"_blank\" style=\"box-sizing: border-box; text-decoration: none; margin: 0px; padding: 0px; border: 0px; outline: 0px; font-size: 14px; text-size-adjust: 100%; vertical-align: baseline; background: #ffffff; color: #269fe3; font-family: Montserrat, Helvetica, Arial, Lucida, sans-serif; font-style: normal; font-variant-ligatures: normal; font-variant-caps: normal; font-weight: 500; letter-spacing: normal; orphans: 2; text-align: start; text-indent: 0px; text-transform: none; widows: 2; word-spacing: 0px; -webkit-text-stroke-width: 0px; white-space: normal;\">CALENDARIO ANUAL 2025-2026 (actualizado 21-Nov-25)<\/a><\/p>\n<p><a href=\"https:\/\/drive.google.com\/file\/d\/15kE6IexaBIzo2_aBR0xPmV_EFCnfmWTn\/view?usp=sharing\" rel=\"attachment noopener wp-att-4521\" style=\"box-sizing: border-box; text-decoration: none; margin: 0px; padding: 0px; border: 0px; outline: 0px; font-size: 14px; text-size-adjust: 100%; vertical-align: baseline; background: #ffffff; color: #269fe3; font-family: Montserrat, Helvetica, Arial, Lucida, sans-serif; font-style: normal; font-variant-ligatures: normal; font-variant-caps: normal; font-weight: 500; letter-spacing: normal; orphans: 2; text-align: start; text-indent: 0px; text-transform: none; widows: 2; word-spacing: 0px; -webkit-text-stroke-width: 0px; white-space: normal;\" target=\"_blank\">PROGRAMA OPERATIVO 2025-2026 (actualizado 21-Nov-25)<\/a><\/p>\n<p>&nbsp;<\/p>\n<p>[\/et_pb_accordion_item][et_pb_accordion_item title=&#8221;Revisiones Bibliogr\u00e1ficas&#8221; _builder_version=&#8221;4.23.1&#8243; _module_preset=&#8221;default&#8221; global_colors_info=&#8221;{}&#8221; open=&#8221;off&#8221;]<\/p>\n<p><a href=\"https:\/\/embriologia.facmed.unam.mx\/wp-content\/uploads\/2019\/07\/Fundamentosdeciclocelular.pdf\" target=\"_blank\" rel=\"noopener noreferrer\">Ciclo Celular 2<\/a><\/p>\n<p><a href=\"http:\/\/paginas.facmed.unam.mx\/deptos\/emb\/wp-content\/uploads\/2018\/11\/Infertilidadalumnos.pdf\" rel=\"attachment noopener noreferrer wp-att-400\" target=\"_blank\">Seminario de Infertilidad<\/a><\/p>\n<p><a href=\"http:\/\/paginas.facmed.unam.mx\/deptos\/emb\/wp-content\/uploads\/2018\/11\/Seminarioanticonceptivos2018.pdf\" rel=\"attachment wp-att-402 noopener noreferrer\" target=\"_blank\">Seminario M\u00e9todos Anticonceptivos<\/a><\/p>\n<p><a href=\"https:\/\/embriologia.facmed.unam.mx\/wp-content\/uploads\/2019\/02\/Arteagacardiovascular.pdf\" rel=\"attachment wp-att-657 noopener noreferrer\" target=\"_blank\">Desarrollo del Sistema Cardiovascular, Cap\u00edtulo 22 del Libro del Dr. Arteaga.<\/a><\/p>\n<p><a href=\"https:\/\/embriologia.facmed.unam.mx\/wp-content\/uploads\/2019\/03\/ECOLOGiaFETAL.pdf\" rel=\"attachment wp-att-793 noopener noreferrer\" target=\"_blank\">Ecolog\u00eda Embrionaria y Fetal<\/a><\/p>\n<p><a href=\"https:\/\/embriologia.facmed.unam.mx\/wp-content\/uploads\/2019\/09\/Informaci%C3%B3n-complementaria-S%C3%ADndrome-de-Sheehan-EPA_CMH_MMV1.pdf\" rel=\"attachment wp-att-1129 noopener noreferrer\" target=\"_blank\">Informaci\u00f3n complementaria S\u00edndrome de Sheehan EPA_CMH_MMV(1)<\/a><\/p>\n<p><a href=\"https:\/\/embriologia.facmed.unam.mx\/wp-content\/uploads\/2020\/03\/teratogenosaburto-1.pdf\" target=\"_blank\" rel=\"noopener noreferrer\">Ecolog\u00eda Fetal: Terat\u00f3genos<\/a><\/p>\n<p><a href=\"https:\/\/embriologia.facmed.unam.mx\/wp-content\/uploads\/2024\/09\/9789240030787-eng.pdf\" rel=\"attachment wp-att-4261\">Espermatobioscopia OMS 2021<\/a><\/p>\n<p>[\/et_pb_accordion_item][et_pb_accordion_item title=&#8221;Actividades de Auto evaluaci\u00f3n&#8221; _builder_version=&#8221;4.23.1&#8243; _module_preset=&#8221;default&#8221; global_colors_info=&#8221;{}&#8221; open=&#8221;off&#8221;]<\/p>\n<p><a href=\"https:\/\/embriologia.facmed.unam.mx\/wp-content\/uploads\/2018\/11\/Ejercicioprimertema.pdf\" rel=\"attachment wp-att-392\" style=\"box-sizing: border-box; text-decoration: none; margin: 0px; padding: 0px; border: 0px; outline: 0px; font-size: 14px; text-size-adjust: 100%; vertical-align: baseline; background: #ffffff; color: #269fe3; font-family: Montserrat, Helvetica, Arial, Lucida, sans-serif; font-style: normal; font-variant-ligatures: normal; font-variant-caps: normal; font-weight: 500; letter-spacing: normal; orphans: 2; text-align: start; text-indent: 0px; text-transform: none; widows: 2; word-spacing: 0px; -webkit-text-stroke-width: 0px; white-space: normal;\">Ejercicio de Auto Aprendizaje 1: Procesos Moleculares del Desarrollo.<\/a><\/p>\n<p><a href=\"https:\/\/forms.gle\/JN5Y3kMzHwhQXVTx7\" target=\"_blank\" rel=\"noopener noreferrer\" style=\"box-sizing: border-box; text-decoration: none; margin: 0px; padding: 0px; border: 0px; outline: 0px; font-size: 14px; text-size-adjust: 100%; vertical-align: baseline; background: #ffffff; color: #269fe3; font-family: Montserrat, Helvetica, Arial, Lucida, sans-serif; font-style: normal; font-variant-ligatures: normal; font-variant-caps: normal; font-weight: 500; letter-spacing: normal; orphans: 2; text-align: start; text-indent: 0px; text-transform: none; widows: 2; word-spacing: 0px; -webkit-text-stroke-width: 0px; white-space: normal;\">Ejercicio de Autoevaluacion Tema \u201cCara\u201d<\/a><\/p>\n<p><a href=\"https:\/\/forms.gle\/kmMc8hQkjEVz5Dcr9\" target=\"_blank\" rel=\"noopener noreferrer\" style=\"box-sizing: border-box; text-decoration: none; margin: 0px; padding: 0px; border: 0px; outline: 0px; font-size: 14px; text-size-adjust: 100%; vertical-align: baseline; background: #ffffff; color: #269fe3; font-family: Montserrat, Helvetica, Arial, Lucida, sans-serif; font-style: normal; font-variant-ligatures: normal; font-variant-caps: normal; font-weight: 500; letter-spacing: normal; orphans: 2; text-align: start; text-indent: 0px; text-transform: none; widows: 2; word-spacing: 0px; -webkit-text-stroke-width: 0px; white-space: normal;\">Ejercicio de Autoevaluaci\u00f3n Tema \u201cRegi\u00f3n Far\u00edngea\u201d<\/a><\/p>\n<p><a href=\"https:\/\/forms.gle\/QWdnrLmtkoQxsWzx9\" target=\"_blank\" rel=\"noopener noreferrer\" style=\"box-sizing: border-box; text-decoration: none; margin: 0px; padding: 0px; border: 0px; outline: 0px; font-size: 14px; text-size-adjust: 100%; vertical-align: baseline; background: #ffffff; color: #269fe3; font-family: Montserrat, Helvetica, Arial, Lucida, sans-serif; font-style: normal; font-variant-ligatures: normal; font-variant-caps: normal; font-weight: 500; letter-spacing: normal; orphans: 2; text-align: start; text-indent: 0px; text-transform: none; widows: 2; word-spacing: 0px; -webkit-text-stroke-width: 0px; white-space: normal;\">Ejercicio de Autoevaluaci\u00f3n Tema \u201cDesarrollo de Extremidades\u201d<\/a><\/p>\n<p><a href=\"https:\/\/forms.gle\/U3LMQVhJZZn37dVZA\" target=\"_blank\" rel=\"noopener noreferrer\" style=\"box-sizing: border-box; text-decoration: none; margin: 0px; padding: 0px; border: 0px; outline: 0px; font-size: 14px; text-size-adjust: 100%; vertical-align: baseline; background: #ffffff; color: #269fe3; font-family: Montserrat, Helvetica, Arial, Lucida, sans-serif; font-style: normal; font-variant-ligatures: normal; font-variant-caps: normal; font-weight: 500; letter-spacing: normal; orphans: 2; text-align: start; text-indent: 0px; text-transform: none; widows: 2; word-spacing: 0px; -webkit-text-stroke-width: 0px; white-space: normal;\">Ejercicio de Autoevaluaci\u00f3n Tema \u201cEsqueleto Axial\u201d<\/a><\/p>\n<p><a href=\"https:\/\/forms.gle\/NRHot97y4z2iVon87\" target=\"_blank\" rel=\"noopener noreferrer\" style=\"box-sizing: border-box; text-decoration: none; margin: 0px; padding: 0px; border: 0px; outline: 0px; font-size: 14px; text-size-adjust: 100%; vertical-align: baseline; background: #ffffff; color: #269fe3; font-family: Montserrat, Helvetica, Arial, Lucida, sans-serif; font-style: normal; font-variant-ligatures: normal; font-variant-caps: normal; font-weight: 500; letter-spacing: normal; orphans: 2; text-align: start; text-indent: 0px; text-transform: none; widows: 2; word-spacing: 0px; -webkit-text-stroke-width: 0px; white-space: normal;\">Ejercicio de Autoevaluaci\u00f3n Tema \u201cDesarrollo de M\u00fasculo\u201d<\/a><\/p>\n<p><a href=\"https:\/\/forms.gle\/2o3u78xo5qnS2dgLA\" target=\"_blank\" rel=\"noopener noreferrer\" style=\"box-sizing: border-box; text-decoration: none; margin: 0px; padding: 0px; border: 0px; outline: 0px; font-size: 14px; text-size-adjust: 100%; vertical-align: baseline; background: #ffffff; color: #269fe3; font-family: Montserrat, Helvetica, Arial, Lucida, sans-serif; font-style: normal; font-variant-ligatures: normal; font-variant-caps: normal; font-weight: 500; letter-spacing: normal; orphans: 2; text-align: start; text-indent: 0px; text-transform: none; widows: 2; word-spacing: 0px; -webkit-text-stroke-width: 0px; white-space: normal;\">Ejercicio de Autoevaluaci\u00f3n Tema \u201cHematopoyesis\u201d\u00a0<\/a><\/p>\n<p><a href=\"https:\/\/forms.gle\/G6GVfea2Yd8Ef4Pa9\" target=\"_blank\" rel=\"noopener noreferrer\" style=\"box-sizing: border-box; text-decoration: none; margin: 0px; padding: 0px; border: 0px; outline: 0px; font-size: 14px; text-size-adjust: 100%; vertical-align: baseline; background: #ffffff; color: #269fe3; font-family: Montserrat, Helvetica, Arial, Lucida, sans-serif; font-style: normal; font-variant-ligatures: normal; font-variant-caps: normal; font-weight: 500; letter-spacing: normal; orphans: 2; text-align: start; text-indent: 0px; text-transform: none; widows: 2; word-spacing: 0px; -webkit-text-stroke-width: 0px; white-space: normal;\">Ejercicio de Autoevaluaci\u00f3n Tema \u201cDesarrollo Fetal y Desarrollo de Arterias y Venas\u201d<\/a><\/p>\n<p>[\/et_pb_accordion_item][\/et_pb_accordion][\/et_pb_column][et_pb_column type=&#8221;1_3&#8243; _builder_version=&#8221;4.23.1&#8243; _module_preset=&#8221;default&#8221; global_colors_info=&#8221;{}&#8221;][et_pb_accordion _builder_version=&#8221;4.23.1&#8243; _module_preset=&#8221;default&#8221; hover_enabled=&#8221;0&#8243; global_colors_info=&#8221;{}&#8221; sticky_enabled=&#8221;0&#8243;][et_pb_accordion_item title=&#8221;Casos Cl\u00ednicos&#8221; open=&#8221;on&#8221; _builder_version=&#8221;4.23.1&#8243; _module_preset=&#8221;default&#8221; global_colors_info=&#8221;{}&#8221;]<\/p>\n<p><a href=\"https:\/\/embriologia.facmed.unam.mx\/wp-content\/uploads\/2020\/02\/Caso-SDR.pdf\" target=\"_blank\" rel=\"noopener noreferrer\" style=\"box-sizing: border-box; text-decoration: none; margin: 0px; padding: 0px; border: 0px; outline: 0px; font-size: 14px; text-size-adjust: 100%; vertical-align: baseline; background: #ffffff; color: #269fe3; font-family: Montserrat, Helvetica, Arial, Lucida, sans-serif; font-style: normal; font-variant-ligatures: normal; font-variant-caps: normal; font-weight: 500; letter-spacing: normal; orphans: 2; text-align: start; text-indent: 0px; text-transform: none; widows: 2; word-spacing: 0px; -webkit-text-stroke-width: 0px; white-space: normal;\">Sindrome de Dificultad Respiratorio<\/a><\/p>\n<p><a href=\"https:\/\/youtu.be\/yTpOEDuK_co\" title=\"Caso Cl\u00ednico de Mielomeningocele\" target=\"_blank\" rel=\"noopener noreferrer\" style=\"box-sizing: border-box; text-decoration: none; margin: 0px; padding: 0px; border: 0px; outline: 0px; font-size: 14px; text-size-adjust: 100%; vertical-align: baseline; background: #ffffff; color: #269fe3; font-family: Montserrat, Helvetica, Arial, Lucida, sans-serif; font-style: normal; font-variant-ligatures: normal; font-variant-caps: normal; font-weight: 500; letter-spacing: normal; orphans: 2; text-align: start; text-indent: 0px; text-transform: none; widows: 2; word-spacing: 0px; -webkit-text-stroke-width: 0px; white-space: normal;\">Caso Cl\u00ednico de Mielomeningocele<\/a><\/p>\n<p>[\/et_pb_accordion_item][et_pb_accordion_item title=&#8221;Bibliograf\u00eda del curso&#8221; _builder_version=&#8221;4.23.1&#8243; _module_preset=&#8221;default&#8221; global_colors_info=&#8221;{}&#8221; open=&#8221;off&#8221;]<\/p>\n<p><span style=\"color: #333333;\">BIBLIOGRAF\u00cdA B\u00c1SICA<\/span><\/p>\n<p><span style=\"color: #333399;\">1. Keith L. Moore, T.V.N. Persaud, Mark G. Torchia (2020). 11a Ed. Antes de Nacer. Fundamentos de Embriolog\u00eda y Anomal\u00edas cong\u00e9nitas. Editorial Panamericana.<\/span><\/p>\n<p><span style=\"color: #333399;\">2. T.W. Sadler(2019). 15a Ed. Embriolog\u00eda M\u00e9dica. Espa\u00f1a: Wolkers Kluwer.<\/span><\/p>\n<p><span style=\"color: #333399;\">3. Arteaga-Mart\u00ednez S.M., Garc\u00eda Pel\u00e1ez M.I. (2017). 3a Ed. Embriolog\u00eda humana y biolog\u00eda del desarrollo. Panamericana.<\/span><\/p>\n<p><span style=\"color: #333333;\">BIBLIOGRAF\u00cdA COMPLEMENTARIA<\/span><\/p>\n<p><span style=\"color: #333399;\">1. Bruce M. Carlson. (2020). 6a Ed. Embriolog\u00eda Humana y Biolog\u00eda del Desarrollo. Espa\u00f1a: Elsevier Saunders.<\/span><\/p>\n<p><span style=\"color: #333399;\">2. \u00c1ngeles-Castellanos A.M., Garc\u00eda Pel\u00e1ez M.I., S\u00e1nchez Bringas M.G. (2021). Morfolog\u00eda Humana. Panamericana.<\/span><\/p>\n<p>[\/et_pb_accordion_item][et_pb_accordion_item title=&#8221;Material Audiovisual&#8221; _builder_version=&#8221;4.23.1&#8243; _module_preset=&#8221;default&#8221; hover_enabled=&#8221;0&#8243; global_colors_info=&#8221;{}&#8221; open=&#8221;off&#8221; sticky_enabled=&#8221;0&#8243;]<\/p>\n<p><a href=\"https:\/\/drive.google.com\/drive\/folders\/1Aj5nxgYhgBbGYXkX3PtJJHJbu-jTSJpZ?usp=sharing\" target=\"_blank\" rel=\"noopener\"><img loading=\"lazy\" decoding=\"async\" src=\"https:\/\/embriologia.facmed.unam.mx\/wp-content\/uploads\/2026\/01\/Bloque-1-300x169.jpeg\" width=\"300\" height=\"169\" alt=\"\" class=\"wp-image-4960 alignnone size-medium\" \/><\/a><\/p>\n<p><a href=\"https:\/\/drive.google.com\/drive\/folders\/1bMBx6Uavk5WyIr5wR1WzE9W0ngAY398t?usp=sharing\" target=\"_blank\" rel=\"noopener\"><img loading=\"lazy\" decoding=\"async\" src=\"https:\/\/embriologia.facmed.unam.mx\/wp-content\/uploads\/2026\/01\/Bloque-2-300x169.jpeg\" width=\"300\" height=\"169\" alt=\"\" class=\"wp-image-4959 alignnone size-medium\" \/><\/a><\/p>\n<p><a href=\"https:\/\/drive.google.com\/drive\/folders\/1-zwM0XmiR1p0EX-0eALyNJY76a7AtzOn?usp=sharing\" target=\"_blank\" rel=\"noopener\" title=\"Bloque 3\"><img loading=\"lazy\" decoding=\"async\" src=\"https:\/\/embriologia.facmed.unam.mx\/wp-content\/uploads\/2026\/01\/Bloque-3-300x169.jpeg\" width=\"300\" height=\"169\" alt=\"\" class=\"wp-image-4958 alignnone size-medium\" \/><\/a><\/p>\n<p>[\/et_pb_accordion_item][\/et_pb_accordion][et_pb_accordion toggle_icon=&#8221;&#x50;||divi||400&#8243; _builder_version=&#8221;4.23.1&#8243; _module_preset=&#8221;default&#8221; hover_enabled=&#8221;0&#8243; global_colors_info=&#8221;{}&#8221; sticky_enabled=&#8221;0&#8243;][et_pb_accordion_item title=&#8221;Flashcards&#8221; open=&#8221;on&#8221; _builder_version=&#8221;4.23.1&#8243; _module_preset=&#8221;default&#8221; hover_enabled=&#8221;0&#8243; global_colors_info=&#8221;{}&#8221; sticky_enabled=&#8221;0&#8243;]<\/p>\n<p style=\"text-align: center;\"><a href=\"https:\/\/drive.google.com\/drive\/folders\/1wxv2GGmGTuB6CNa13RMr5Jh-VfxTh_Yu?usp=sharing\" target=\"_blank\" rel=\"noopener\" title=\"Flashcards\"><img loading=\"lazy\" decoding=\"async\" src=\"https:\/\/embriologia.facmed.unam.mx\/wp-content\/uploads\/2026\/02\/WhatsApp-Image-2026-02-27-at-08.28.03-819x1024.jpeg\" width=\"819\" height=\"1024\" alt=\"\" class=\"wp-image-24577 alignnone size-large\" \/><\/a><\/p>\n<p>[\/et_pb_accordion_item][\/et_pb_accordion][\/et_pb_column][et_pb_column type=&#8221;1_3&#8243; _builder_version=&#8221;4.23.1&#8243; _module_preset=&#8221;default&#8221; global_colors_info=&#8221;{}&#8221;][et_pb_accordion _builder_version=&#8221;4.23.1&#8243; _module_preset=&#8221;default&#8221; global_colors_info=&#8221;{}&#8221;][et_pb_accordion_item title=&#8221;Linea de tiempo&#8221; open=&#8221;on&#8221; _builder_version=&#8221;4.23.1&#8243; _module_preset=&#8221;default&#8221; link_option_url=&#8221;https:\/\/sites.google.com\/facmed.unam.mx\/lineadeltiempo\/inicio?authuser=9&#8243; link_option_url_new_window=&#8221;on&#8221; global_colors_info=&#8221;{}&#8221;]<\/p>\n<p><img loading=\"lazy\" decoding=\"async\" src=\"https:\/\/embriologia.facmed.unam.mx\/wp-content\/uploads\/2022\/11\/lineatiempo.png\" width=\"940\" height=\"1068\" alt=\"\" class=\"wp-image-3466 alignright size-full\" \/><\/p>\n<p>[\/et_pb_accordion_item][et_pb_accordion_item title=&#8221;Aula Virtual&#8221; _builder_version=&#8221;4.23.1&#8243; _module_preset=&#8221;default&#8221; link_option_url=&#8221;https:\/\/paginas.facmed.unam.mx\/moodle\/login\/index.php&#8221; link_option_url_new_window=&#8221;on&#8221; global_colors_info=&#8221;{}&#8221; open=&#8221;off&#8221;]<\/p>\n<p><img loading=\"lazy\" decoding=\"async\" src=\"https:\/\/embriologia.facmed.unam.mx\/wp-content\/uploads\/2022\/09\/8050343E-FF35-494E-BA8B-6BBF4C1D74D8-1024x1024.png\" width=\"1024\" height=\"1024\" alt=\"\" class=\"wp-image-3289 alignright size-large\" srcset=\"https:\/\/embriologia.facmed.unam.mx\/wp-content\/uploads\/2022\/09\/8050343E-FF35-494E-BA8B-6BBF4C1D74D8-1024x1024.png 1024w, https:\/\/embriologia.facmed.unam.mx\/wp-content\/uploads\/2022\/09\/8050343E-FF35-494E-BA8B-6BBF4C1D74D8-980x980.png 980w, https:\/\/embriologia.facmed.unam.mx\/wp-content\/uploads\/2022\/09\/8050343E-FF35-494E-BA8B-6BBF4C1D74D8-480x480.png 480w\" sizes=\"(min-width: 0px) and (max-width: 480px) 480px, (min-width: 481px) and (max-width: 980px) 980px, (min-width: 981px) 1024px, 100vw\" \/><\/p>\n<p>[\/et_pb_accordion_item][et_pb_accordion_item title=&#8221;UAPAS&#8221; _builder_version=&#8221;4.23.1&#8243; _module_preset=&#8221;default&#8221; link_option_url=&#8221;http:\/\/ponteenlinea.facmed.unam.mx\/&#8221; link_option_url_new_window=&#8221;on&#8221; global_colors_info=&#8221;{}&#8221; open=&#8221;off&#8221;]<\/p>\n<p><img loading=\"lazy\" decoding=\"async\" src=\"https:\/\/embriologia.facmed.unam.mx\/wp-content\/uploads\/2025\/09\/INSTRUCTIVO-PONTE-EN-LINEA-FACMED-4_page-0002-1024x576.jpg\" width=\"1024\" height=\"576\" alt=\"\" class=\"wp-image-4537 alignright size-large\" srcset=\"https:\/\/embriologia.facmed.unam.mx\/wp-content\/uploads\/2025\/09\/INSTRUCTIVO-PONTE-EN-LINEA-FACMED-4_page-0002-980x551.jpg 980w, https:\/\/embriologia.facmed.unam.mx\/wp-content\/uploads\/2025\/09\/INSTRUCTIVO-PONTE-EN-LINEA-FACMED-4_page-0002-480x270.jpg 480w\" sizes=\"(min-width: 0px) and (max-width: 480px) 480px, (min-width: 481px) and (max-width: 980px) 980px, (min-width: 981px) 1024px, 100vw\" \/><\/p>\n<p>[\/et_pb_accordion_item][\/et_pb_accordion][\/et_pb_column][\/et_pb_row][\/et_pb_section][et_pb_section fb_built=&#8221;1&#8243; fullwidth=&#8221;on&#8221; _builder_version=&#8221;4.23.1&#8243; _module_preset=&#8221;default&#8221; global_colors_info=&#8221;{}&#8221;][\/et_pb_section]<\/p>\n","protected":false},"excerpt":{"rendered":"<p>PLAN 2010 ACTUALIZACI\u00d3N AGOSTO 2022 CALENDARIO ANUAL 2025-2026 (actualizado 21-Nov-25) PROGRAMA OPERATIVO 2025-2026 (actualizado 21-Nov-25) &nbsp;Ciclo Celular 2 Seminario de Infertilidad Seminario M\u00e9todos Anticonceptivos Desarrollo del Sistema Cardiovascular, Cap\u00edtulo 22 del Libro del Dr. Arteaga. Ecolog\u00eda Embrionaria y Fetal Informaci\u00f3n complementaria S\u00edndrome de Sheehan EPA_CMH_MMV(1) Ecolog\u00eda Fetal: Terat\u00f3genos Espermatobioscopia OMS 2021Ejercicio de Auto Aprendizaje 1: [&hellip;]<\/p>\n","protected":false},"author":1,"featured_media":0,"parent":0,"menu_order":0,"comment_status":"closed","ping_status":"closed","template":"","meta":{"_et_pb_use_builder":"on","_et_pb_old_content":"","_et_gb_content_width":"","footnotes":""},"_links":{"self":[{"href":"https:\/\/embriologia.facmed.unam.mx\/index.php\/wp-json\/wp\/v2\/pages\/119"}],"collection":[{"href":"https:\/\/embriologia.facmed.unam.mx\/index.php\/wp-json\/wp\/v2\/pages"}],"about":[{"href":"https:\/\/embriologia.facmed.unam.mx\/index.php\/wp-json\/wp\/v2\/types\/page"}],"author":[{"embeddable":true,"href":"https:\/\/embriologia.facmed.unam.mx\/index.php\/wp-json\/wp\/v2\/users\/1"}],"replies":[{"embeddable":true,"href":"https:\/\/embriologia.facmed.unam.mx\/index.php\/wp-json\/wp\/v2\/comments?post=119"}],"version-history":[{"count":56,"href":"https:\/\/embriologia.facmed.unam.mx\/index.php\/wp-json\/wp\/v2\/pages\/119\/revisions"}],"predecessor-version":[{"id":24626,"href":"https:\/\/embriologia.facmed.unam.mx\/index.php\/wp-json\/wp\/v2\/pages\/119\/revisions\/24626"}],"wp:attachment":[{"href":"https:\/\/embriologia.facmed.unam.mx\/index.php\/wp-json\/wp\/v2\/media?parent=119"}],"curies":[{"name":"wp","href":"https:\/\/api.w.org\/{rel}","templated":true}]}}