{"id":150,"date":"2018-10-22T21:45:07","date_gmt":"2018-10-22T21:45:07","guid":{"rendered":"http:\/\/paginas.facmed.unam.mx\/deptos\/emb\/?page_id=150"},"modified":"2026-04-15T15:33:08","modified_gmt":"2026-04-15T15:33:08","slug":"jefatura","status":"publish","type":"page","link":"https:\/\/embriologia.facmed.unam.mx\/index.php\/jefatura\/","title":{"rendered":"Jefatura"},"content":{"rendered":"<p>[et_pb_section fb_built=&#8221;1&#8243; disabled_on=&#8221;off|off|off&#8221; _builder_version=&#8221;4.23.1&#8243; _module_preset=&#8221;default&#8221; background_color=&#8221;#ffffff&#8221; custom_padding=&#8221;||25px|||&#8221; hover_enabled=&#8221;0&#8243; border_width_top=&#8221;6px&#8221; border_color_top=&#8221;#0069BC&#8221; global_colors_info=&#8221;{}&#8221; sticky_enabled=&#8221;0&#8243;][et_pb_row _builder_version=&#8221;4.23.1&#8243; _module_preset=&#8221;default&#8221; background_enable_color=&#8221;off&#8221; custom_padding=&#8221;4px|||||&#8221; global_colors_info=&#8221;{}&#8221;][et_pb_column type=&#8221;4_4&#8243; _builder_version=&#8221;4.23.1&#8243; _module_preset=&#8221;default&#8221; background_color=&#8221;RGBA(255,255,255,0)&#8221; use_background_color_gradient=&#8221;on&#8221; background_color_gradient_type=&#8221;circular&#8221; background_color_gradient_stops=&#8221;#2b87da 0%|#29c4a9 95%&#8221; global_colors_info=&#8221;{}&#8221;][et_pb_text _builder_version=&#8221;4.23.1&#8243; _module_preset=&#8221;default&#8221; text_text_color=&#8221;#F7FBDF&#8221; header_text_color=&#8221;#FFFFFF&#8221; use_background_color_gradient=&#8221;on&#8221; min_height=&#8221;61px&#8221; custom_margin=&#8221;||-4px|||&#8221; custom_padding=&#8221;13px||2px|||&#8221; global_colors_info=&#8221;{}&#8221;]<\/p>\n<h1 style=\"text-align: center;\"><span style=\"color: #0069bc;\"><strong>JEFA DEPARTAMENTO<\/strong><\/span><\/h1>\n<h1 style=\"text-align: center;\">Dra. Ana Lilia Rodriguez Ventura<\/h1>\n<p><span style=\"color: #0069bc;\"><strong><\/strong><\/span><\/p>\n<p>[\/et_pb_text][\/et_pb_column][\/et_pb_row][et_pb_row column_structure=&#8221;1_2,1_2&#8243; _builder_version=&#8221;4.16&#8243; _module_preset=&#8221;default&#8221; global_colors_info=&#8221;{}&#8221;][et_pb_column type=&#8221;1_2&#8243; _builder_version=&#8221;4.16&#8243; _module_preset=&#8221;default&#8221; global_colors_info=&#8221;{}&#8221;][et_pb_image src=&#8221;https:\/\/embriologia.facmed.unam.mx\/wp-content\/uploads\/2025\/11\/RodriVen.jpg&#8221; title_text=&#8221;RodriVen&#8221; align=&#8221;center&#8221; _builder_version=&#8221;4.23.1&#8243; _module_preset=&#8221;default&#8221; module_alignment=&#8221;center&#8221; global_colors_info=&#8221;{}&#8221;][\/et_pb_image][\/et_pb_column][et_pb_column type=&#8221;1_2&#8243; _builder_version=&#8221;4.16&#8243; _module_preset=&#8221;default&#8221; global_colors_info=&#8221;{}&#8221;][et_pb_text _builder_version=&#8221;4.23.1&#8243; _module_preset=&#8221;default&#8221; animation_style=&#8221;slide&#8221; global_colors_info=&#8221;{}&#8221;]<\/p>\n<p style=\"text-align: justify;\">Dra. Ana Lilia Rodr\u00edguez Ventura<\/p>\n<p>Correo electr\u00f3nico: <a href=\"mailto:jfaturaembrio@unam.mx\">jefaturaembriologia<\/a><a href=\"mailto:jfaturaembrio@unam.mx\">@unam.mx<\/a><\/p>\n<p>Tel\u00e9fono: 55 56 23 2352<\/p>\n<p>&nbsp;<\/p>\n<p style=\"text-align: justify;\">Pediatra Endocrin\u00f3loga, Mtra. Y Dra. En Ciencias M\u00e9dicas. Dos posgrados en diabetes (UNAM y Harvard). Acad\u00e9mica de pregrado desde 1992 y posgrado desde 2015.<\/p>\n<p>&nbsp;<\/p>\n<p>[\/et_pb_text][\/et_pb_column][\/et_pb_row][\/et_pb_section][et_pb_section fb_built=&#8221;1&#8243; _builder_version=&#8221;4.16&#8243; _module_preset=&#8221;default&#8221; custom_padding=&#8221;38px||50px|||&#8221; border_width_bottom=&#8221;5px&#8221; border_color_bottom=&#8221;#0069bc&#8221; global_colors_info=&#8221;{}&#8221;][et_pb_row _builder_version=&#8221;4.16&#8243; _module_preset=&#8221;default&#8221; border_width_top=&#8221;1px&#8221; border_color_top=&#8221;#0069BC&#8221; global_colors_info=&#8221;{}&#8221;][et_pb_column type=&#8221;4_4&#8243; _builder_version=&#8221;4.16&#8243; _module_preset=&#8221;default&#8221; global_colors_info=&#8221;{}&#8221;][et_pb_text _builder_version=&#8221;4.23.1&#8243; _module_preset=&#8221;default&#8221; global_colors_info=&#8221;{}&#8221;]<\/p>\n<h3><span style=\"color: #0069bc;\"><strong>\u00a0 \u00a0FUNCIONES<\/strong><\/span><\/h3>\n<ul>\n<li style=\"text-align: justify;\">Coordinar las actividades acad\u00e9micas de docencia, investigaci\u00f3n y divulgaci\u00f3n de la cultura m\u00e9dica en el \u00e1rea de Embriolog\u00eda Humana y Gen\u00e9tica Cl\u00ednica.<\/li>\n<li style=\"text-align: justify;\">Favorecer la formaci\u00f3n, capacitaci\u00f3n, actualizaci\u00f3n y desarrollo del personal acad\u00e9mico aplicado a la docencia e investigaci\u00f3n en dicha \u00e1rea especializada del conocimiento m\u00e9dico.<\/li>\n<li style=\"text-align: justify;\">Impulsar la instalaci\u00f3n, mantenimiento y renovaci\u00f3n permanente de la infraestructura f\u00edsica y tecnol\u00f3gica que haga posible que el Departamento de Embriolog\u00eda y Gen\u00e9tica desempe\u00f1e sus funciones y cumpla con los objetivos establecidos.<\/li>\n<li style=\"text-align: justify;\">Desarrollar los proyectos de investigaci\u00f3n en el \u00e1rea de la Embriolog\u00eda Humana y Gen\u00e9tica Cl\u00ednica, relacionados con aspectos normales o patol\u00f3gicos del desarrollo prenatal y temas educativos afines, y cumplir las metas se\u00f1aladas para garantizar al m\u00e1ximo la obtenci\u00f3n de conocimientos que contribuyan al progreso de la disciplina, su ense\u00f1anza y a la formaci\u00f3n de especialistas y estudiantes interesados en seguir un posgrado.<\/li>\n<li style=\"text-align: justify;\">Desarrollar y evaluar de forma continua los contenidos del programa de ambas asignaturas, para valorar el aprendizaje te\u00f3rico y pr\u00e1ctico obtenido por los estudiantes a lo largo del curso de las asignaturas.<\/li>\n<li style=\"text-align: justify;\">Comprobar el desarrollo de los proyectos de investigaci\u00f3n cient\u00edfica y educativa, realizados en el Departamento.<\/li>\n<li style=\"text-align: justify;\">Publicar los resultados de la docencia, investigaci\u00f3n y difusi\u00f3n realizados en el Departamento de Embriolog\u00eda y Gen\u00e9tica, as\u00ed como los cat\u00e1logos, estudios documentales y textos destinados a la ense\u00f1anza-aprendizaje, promoviendo la elaboraci\u00f3n de material did\u00e1ctico.<\/li>\n<li style=\"text-align: justify;\">Participar en programas de extensi\u00f3n universitaria, que promuevan el intercambio acad\u00e9mico con otras instituciones y departamentos relacionados con el \u00e1rea.<\/li>\n<li style=\"text-align: justify;\">Las dem\u00e1s que establezcan el (la) Coordinador (a) de Ciencias B\u00e1sicas, la Secretar\u00eda General y la direcci\u00f3n de la Facultad de Medicina.<span style=\"color: #0069bc;\"><\/span><\/li>\n<\/ul>\n<p>[\/et_pb_text][\/et_pb_column][\/et_pb_row][\/et_pb_section]<\/p>\n","protected":false},"excerpt":{"rendered":"<p>JEFA DEPARTAMENTO Dra. Ana Lilia Rodriguez Ventura Dra. Ana Lilia Rodr\u00edguez Ventura Correo electr\u00f3nico: jefaturaembriologia@unam.mx Tel\u00e9fono: 55 56 23 2352 &nbsp; Pediatra Endocrin\u00f3loga, Mtra. Y Dra. En Ciencias M\u00e9dicas. Dos posgrados en diabetes (UNAM y Harvard). Acad\u00e9mica de pregrado desde 1992 y posgrado desde 2015. &nbsp;\u00a0 \u00a0FUNCIONES Coordinar las actividades acad\u00e9micas de docencia, investigaci\u00f3n y [&hellip;]<\/p>\n","protected":false},"author":1,"featured_media":0,"parent":0,"menu_order":0,"comment_status":"closed","ping_status":"closed","template":"","meta":{"_et_pb_use_builder":"on","_et_pb_old_content":"<p>[et_pb_section bb_built=\"1\"][et_pb_row][\/et_pb_row][\/et_pb_section]<\/p>","_et_gb_content_width":"","footnotes":""},"_links":{"self":[{"href":"https:\/\/embriologia.facmed.unam.mx\/index.php\/wp-json\/wp\/v2\/pages\/150"}],"collection":[{"href":"https:\/\/embriologia.facmed.unam.mx\/index.php\/wp-json\/wp\/v2\/pages"}],"about":[{"href":"https:\/\/embriologia.facmed.unam.mx\/index.php\/wp-json\/wp\/v2\/types\/page"}],"author":[{"embeddable":true,"href":"https:\/\/embriologia.facmed.unam.mx\/index.php\/wp-json\/wp\/v2\/users\/1"}],"replies":[{"embeddable":true,"href":"https:\/\/embriologia.facmed.unam.mx\/index.php\/wp-json\/wp\/v2\/comments?post=150"}],"version-history":[{"count":69,"href":"https:\/\/embriologia.facmed.unam.mx\/index.php\/wp-json\/wp\/v2\/pages\/150\/revisions"}],"predecessor-version":[{"id":24689,"href":"https:\/\/embriologia.facmed.unam.mx\/index.php\/wp-json\/wp\/v2\/pages\/150\/revisions\/24689"}],"wp:attachment":[{"href":"https:\/\/embriologia.facmed.unam.mx\/index.php\/wp-json\/wp\/v2\/media?parent=150"}],"curies":[{"name":"wp","href":"https:\/\/api.w.org\/{rel}","templated":true}]}}