{"id":1747,"date":"2025-10-27T16:55:34","date_gmt":"2025-10-27T16:55:34","guid":{"rendered":"https:\/\/embriologia.facmed.unam.mx\/?page_id=1747"},"modified":"2026-03-05T19:35:24","modified_gmt":"2026-03-05T19:35:24","slug":"contacto","status":"publish","type":"page","link":"https:\/\/embriologia.facmed.unam.mx\/index.php\/contacto\/","title":{"rendered":"CONTACTO"},"content":{"rendered":"<p>[et_pb_section fb_built=&#8221;1&#8243; _builder_version=&#8221;4.16&#8243; custom_padding=&#8221;||54px|||&#8221; global_colors_info=&#8221;{}&#8221;][et_pb_row column_structure=&#8221;1_4,1_4,1_4,1_4&#8243; _builder_version=&#8221;4.23.1&#8243; _module_preset=&#8221;default&#8221; global_colors_info=&#8221;{}&#8221;][et_pb_column type=&#8221;1_4&#8243; _builder_version=&#8221;4.23.1&#8243; _module_preset=&#8221;default&#8221; global_colors_info=&#8221;{}&#8221;][et_pb_team_member name=&#8221;Dra. Ana Lilia Rodr\u00edguez Ventura&#8221; position=&#8221;Jefa de Departamento&#8221; image_url=&#8221;https:\/\/embriologia.facmed.unam.mx\/wp-content\/uploads\/2025\/10\/Dra.-Rodriguez.png&#8221; _builder_version=&#8221;4.23.1&#8243; _module_preset=&#8221;default&#8221; text_orientation=&#8221;center&#8221; hover_enabled=&#8221;0&#8243; global_colors_info=&#8221;{}&#8221; sticky_enabled=&#8221;0&#8243;]<\/p>\n<p>Correo electr\u00f3nico: <a href=\"mailto:jefaturaembrio@unam.mx\">jefaturaembrio@unam.mx<\/a><\/p>\n<p>Tel\u00e9fono: 55 56 23 23 52<\/p>\n<p>[\/et_pb_team_member][\/et_pb_column][et_pb_column type=&#8221;1_4&#8243; _builder_version=&#8221;4.23.1&#8243; _module_preset=&#8221;default&#8221; global_colors_info=&#8221;{}&#8221;][et_pb_team_member name=&#8221;Dr. Carlos Abraham Hern\u00e1ndez Serrano&#8221; position=&#8221;Jefe de Secci\u00f3n Acad\u00e9mica de Ense\u00f1anza&#8221; image_url=&#8221;https:\/\/embriologia.facmed.unam.mx\/wp-content\/uploads\/2025\/11\/coordinacion.jpg&#8221; _builder_version=&#8221;4.23.1&#8243; _module_preset=&#8221;default&#8221; text_orientation=&#8221;center&#8221; hover_enabled=&#8221;0&#8243; global_colors_info=&#8221;{}&#8221; sticky_enabled=&#8221;0&#8243;]<\/p>\n<p>Correo electr\u00f3nico: <a href=\"mailto:ensenanzaembrio@unam.mx\">ensenanzaembrio@unam.mx<\/a><\/p>\n<p>Tel\u00e9fono: 55 56 23 23 52<\/p>\n<p>[\/et_pb_team_member][\/et_pb_column][et_pb_column type=&#8221;1_4&#8243; _builder_version=&#8221;4.23.1&#8243; _module_preset=&#8221;default&#8221; global_colors_info=&#8221;{}&#8221;][et_pb_team_member name=&#8221;Dra. Diana Elena Castillo Gonz\u00e1lez&#8221; position=&#8221;Jefa de Secci\u00f3n Acad\u00e9mica de Evaluaci\u00f3n&#8221; image_url=&#8221;https:\/\/embriologia.facmed.unam.mx\/wp-content\/uploads\/2022\/12\/drgonzalez-castillo.jpg&#8221; _builder_version=&#8221;4.23.1&#8243; _module_preset=&#8221;default&#8221; text_orientation=&#8221;center&#8221; global_colors_info=&#8221;{}&#8221;]<\/p>\n<p>Correo electr\u00f3nico: <a href=\"mailto:evaluacionembrio@unam.mx\">evaluacionembrio@unam.mx<\/a><\/p>\n<p>Tel\u00e9fono: 55 56 23 23 52<\/p>\n<p>[\/et_pb_team_member][\/et_pb_column][et_pb_column type=&#8221;1_4&#8243; _builder_version=&#8221;4.23.1&#8243; _module_preset=&#8221;default&#8221; global_colors_info=&#8221;{}&#8221;][et_pb_team_member name=&#8221;Dr. Carlos Alfonso Larqu\u00e9 Vel\u00e1zquez&#8221; position=&#8221;Jefe de Secci\u00f3n Acad\u00e9mica de Investigaci\u00f3n&#8221; image_url=&#8221;https:\/\/embriologia.facmed.unam.mx\/wp-content\/uploads\/2018\/10\/IMG_0554.jpg&#8221; _builder_version=&#8221;4.23.1&#8243; _module_preset=&#8221;default&#8221; text_orientation=&#8221;center&#8221; hover_enabled=&#8221;0&#8243; global_colors_info=&#8221;{}&#8221; sticky_enabled=&#8221;0&#8243;]<\/p>\n<p>Correo electr\u00f3nico: <a href=\"mailto:investigacion.embrioygen@facmed.unam.mx\">investigacion.embrioygen@facmed.unam.mx<\/a><\/p>\n<p>Tel\u00e9fono: 55 56 23 23 52<\/p>\n<p>[\/et_pb_team_member][\/et_pb_column][\/et_pb_row][\/et_pb_section]<\/p>\n","protected":false},"excerpt":{"rendered":"<p>Correo electr\u00f3nico: jefaturaembrio@unam.mx Tel\u00e9fono: 55 56 23 23 52Correo electr\u00f3nico: ensenanzaembrio@unam.mx Tel\u00e9fono: 55 56 23 23 52Correo electr\u00f3nico: evaluacionembrio@unam.mx Tel\u00e9fono: 55 56 23 23 52Correo electr\u00f3nico: investigacion.embrioygen@facmed.unam.mx Tel\u00e9fono: 55 56 23 23 52<\/p>\n","protected":false},"author":1,"featured_media":0,"parent":0,"menu_order":0,"comment_status":"closed","ping_status":"closed","template":"","meta":{"_et_pb_use_builder":"on","_et_pb_old_content":"","_et_gb_content_width":"","footnotes":""},"_links":{"self":[{"href":"https:\/\/embriologia.facmed.unam.mx\/index.php\/wp-json\/wp\/v2\/pages\/1747"}],"collection":[{"href":"https:\/\/embriologia.facmed.unam.mx\/index.php\/wp-json\/wp\/v2\/pages"}],"about":[{"href":"https:\/\/embriologia.facmed.unam.mx\/index.php\/wp-json\/wp\/v2\/types\/page"}],"author":[{"embeddable":true,"href":"https:\/\/embriologia.facmed.unam.mx\/index.php\/wp-json\/wp\/v2\/users\/1"}],"replies":[{"embeddable":true,"href":"https:\/\/embriologia.facmed.unam.mx\/index.php\/wp-json\/wp\/v2\/comments?post=1747"}],"version-history":[{"count":10,"href":"https:\/\/embriologia.facmed.unam.mx\/index.php\/wp-json\/wp\/v2\/pages\/1747\/revisions"}],"predecessor-version":[{"id":24630,"href":"https:\/\/embriologia.facmed.unam.mx\/index.php\/wp-json\/wp\/v2\/pages\/1747\/revisions\/24630"}],"wp:attachment":[{"href":"https:\/\/embriologia.facmed.unam.mx\/index.php\/wp-json\/wp\/v2\/media?parent=1747"}],"curies":[{"name":"wp","href":"https:\/\/api.w.org\/{rel}","templated":true}]}}