{"id":218,"date":"2018-10-23T19:51:00","date_gmt":"2018-10-23T19:51:00","guid":{"rendered":"http:\/\/paginas.facmed.unam.mx\/deptos\/emb\/?page_id=218"},"modified":"2025-08-13T23:17:10","modified_gmt":"2025-08-13T23:17:10","slug":"administracion","status":"publish","type":"page","link":"https:\/\/embriologia.facmed.unam.mx\/index.php\/administracion\/","title":{"rendered":"Administraci\u00f3n"},"content":{"rendered":"<p>[et_pb_section fb_built=&#8221;1&#8243; _builder_version=&#8221;4.16&#8243; _module_preset=&#8221;default&#8221; custom_padding=&#8221;55px||19px|||&#8221; border_width_top=&#8221;5px&#8221; border_color_top=&#8221;#0069bc&#8221; global_colors_info=&#8221;{}&#8221;][et_pb_row column_structure=&#8221;1_2,1_2&#8243; _builder_version=&#8221;4.16&#8243; _module_preset=&#8221;default&#8221; custom_margin=&#8221;26px|auto||auto||&#8221; global_colors_info=&#8221;{}&#8221;][et_pb_column type=&#8221;1_2&#8243; _builder_version=&#8221;4.16&#8243; _module_preset=&#8221;default&#8221; global_colors_info=&#8221;{}&#8221;][et_pb_image src=&#8221;https:\/\/embriologia.facmed.unam.mx\/wp-content\/uploads\/2018\/10\/IMG_0582.jpg&#8221; _builder_version=&#8221;4.16&#8243; _module_preset=&#8221;default&#8221; animation_style=&#8221;fade&#8221; box_shadow_style=&#8221;preset2&#8243; global_colors_info=&#8221;{}&#8221;][\/et_pb_image][\/et_pb_column][et_pb_column type=&#8221;1_2&#8243; _builder_version=&#8221;4.16&#8243; _module_preset=&#8221;default&#8221; global_colors_info=&#8221;{}&#8221;][et_pb_text _builder_version=&#8221;4.16&#8243; _module_preset=&#8221;default&#8221; custom_padding=&#8221;33px|||||&#8221; global_colors_info=&#8221;{}&#8221;]<\/p>\n<h2 class=\"et_pb_module_header\" style=\"text-align: center;\"><span style=\"color: #0069bc;\"><strong>Administrador<\/strong><\/span><\/h2>\n<h2 class=\"et_pb_module_header\" style=\"text-align: center;\"><span style=\"color: #0069bc;\"><strong>Lic. Oscar Silva Salgado\u00a0<\/strong><\/span><\/h2>\n<h3 style=\"text-align: center;\"><span style=\"color: #0069bc;\"><strong><\/strong><\/span><\/h3>\n<h4 style=\"text-align: center;\"><span style=\"color: #0069bc;\"><strong>Ubicaci\u00f3n:<\/strong>\u00a0Planta Baja,<\/span><\/h4>\n<h4 style=\"text-align: center;\"><span style=\"color: #0069bc;\"> edificio \u201cA\u201d.<\/span><\/h4>\n<h4 style=\"text-align: center;\"><span style=\"color: #0069bc;\">Facultad de Medicina UNAM.<\/span><\/h4>\n<h3 style=\"text-align: center;\"><span style=\"font-size: 14px;\"><strong><span style=\"color: #0069bc;\">Tel\u00e9fono de Contacto<\/span><\/strong><\/span><\/h3>\n<div class=\"et_pb_blurb_description\">\n<h3 style=\"text-align: center;\"><span style=\"color: #0069bc;\">55 56 23 21 56<\/span><\/h3>\n<\/div>\n<p>&nbsp;<\/p>\n<p>[\/et_pb_text][\/et_pb_column][\/et_pb_row][\/et_pb_section][et_pb_section fb_built=&#8221;1&#8243; _builder_version=&#8221;4.16&#8243; custom_padding=&#8221;40px||40px|||&#8221; global_colors_info=&#8221;{}&#8221;][et_pb_row _builder_version=&#8221;4.16&#8243; _module_preset=&#8221;default&#8221; custom_margin=&#8221;-8px|auto||auto||&#8221; custom_padding=&#8221;||2px|||&#8221; global_colors_info=&#8221;{}&#8221;][et_pb_column type=&#8221;4_4&#8243; _builder_version=&#8221;4.16&#8243; _module_preset=&#8221;default&#8221; global_colors_info=&#8221;{}&#8221;][et_pb_text _builder_version=&#8221;4.16&#8243; _module_preset=&#8221;default&#8221; global_colors_info=&#8221;{}&#8221;]<\/p>\n<h5 class=\"et_pb_toggle_title et-fb-editable-element et-fb-editable-element__editing\" data-shortcode-id=\"1.0.0.0-1607317314016\" data-quickaccess-id=\"title\" data-quickaccess-order=\"1\" contenteditable=\"true\"><span style=\"color: #0069bc; font-size: x-large;\"><strong>FUNCIONES<\/strong><\/span><\/h5>\n<ul>\n<li>\n<h3><span style=\"font-size: medium;\"><span style=\"color: #0069bc;\">Llevar el control y registro del gasto seg\u00fan el presupuesto asignado.<\/span><\/span><\/h3>\n<\/li>\n<li>\n<h3><span style=\"font-size: medium;\"><span style=\"color: #0069bc;\">Tramitar la compra de los insumos que se necesiten para el funcionamiento del Departamento.<\/span><\/span><\/h3>\n<\/li>\n<li>\n<h3><span style=\"font-size: medium;\"><span style=\"color: #0069bc;\">Tramitar el pago oportuno a los proveedores ante las instancias correspondientes.<\/span><\/span><\/h3>\n<\/li>\n<li>\n<h3><span style=\"font-size: medium;\"><span style=\"color: #0069bc;\">Llevar el control y registro\u00a0 de los gastos de proyectos PAPITT, vigentes en el Departamento.<\/span><\/span><\/h3>\n<\/li>\n<li>\n<h3><span style=\"font-size: medium;\"><span style=\"color: #0069bc;\">Solicitar los trabajos que sean necesarios para la reparaci\u00f3n de las instalaciones, equipo y mobiliario del Departamento.<\/span><\/span><\/h3>\n<\/li>\n<li>\n<h3><span style=\"font-size: medium;\"><span style=\"color: #0069bc;\">Supervisar el trabajo del personal administrativo de base y sus incidencias.<\/span><\/span><\/h3>\n<\/li>\n<li>\n<h3><span style=\"font-size: medium;\"><span style=\"color: #0069bc;\">Realizar el pago de la n\u00f3mina al personal del Departamento.<\/span><\/span><\/h3>\n<\/li>\n<li>\n<h3><span style=\"font-size: medium;\"><span style=\"color: #0069bc;\">Registrar y controlar los bienes capitalizables que hay en el Departamento.<\/span><\/span><\/h3>\n<\/li>\n<\/ul>\n<p>[\/et_pb_text][\/et_pb_column][\/et_pb_row][\/et_pb_section][et_pb_section fb_built=&#8221;1&#8243; _builder_version=&#8221;4.16&#8243; _module_preset=&#8221;default&#8221; custom_margin=&#8221;-4px|||||&#8221; custom_padding=&#8221;5px||4px|||&#8221; global_colors_info=&#8221;{}&#8221;][et_pb_row _builder_version=&#8221;4.16&#8243; _module_preset=&#8221;default&#8221; custom_padding=&#8221;||7px|||&#8221; global_colors_info=&#8221;{}&#8221;][et_pb_column type=&#8221;4_4&#8243; _builder_version=&#8221;4.16&#8243; _module_preset=&#8221;default&#8221; global_colors_info=&#8221;{}&#8221;][et_pb_divider color=&#8221;#0069bc&#8221; _builder_version=&#8221;4.16&#8243; _module_preset=&#8221;default&#8221; module_alignment=&#8221;center&#8221; global_colors_info=&#8221;{}&#8221;][\/et_pb_divider][\/et_pb_column][\/et_pb_row][\/et_pb_section][et_pb_section fb_built=&#8221;1&#8243; _builder_version=&#8221;4.16&#8243; _module_preset=&#8221;default&#8221; custom_margin=&#8221;-3px|||||&#8221; custom_padding=&#8221;18px||5px|||&#8221; global_colors_info=&#8221;{}&#8221;][et_pb_row column_structure=&#8221;1_3,1_3,1_3&#8243; _builder_version=&#8221;4.16&#8243; _module_preset=&#8221;default&#8221; animation_style=&#8221;slide&#8221; global_colors_info=&#8221;{}&#8221;][et_pb_column type=&#8221;1_3&#8243; _builder_version=&#8221;4.16&#8243; _module_preset=&#8221;default&#8221; global_colors_info=&#8221;{}&#8221;][et_pb_team_member name=&#8221;Rosalinda Intriago Mora&#8221; position=&#8221;Asistente Ejecutiva &#8211; Jefatura&#8221; image_url=&#8221;https:\/\/embriologia.facmed.unam.mx\/wp-content\/uploads\/2019\/11\/IMG-20191106-WA0009-e1573060116549.jpg&#8221; _builder_version=&#8221;4.16&#8243; _module_preset=&#8221;default&#8221; header_level=&#8221;h3&#8243; header_font=&#8221;|600|||||||&#8221; header_text_color=&#8221;#041F5E&#8221; header_font_size=&#8221;18px&#8221; body_text_color=&#8221;#041F5E&#8221; text_orientation=&#8221;center&#8221; module_alignment=&#8221;center&#8221; global_colors_info=&#8221;{}&#8221;][\/et_pb_team_member][\/et_pb_column][et_pb_column type=&#8221;1_3&#8243; _builder_version=&#8221;4.16&#8243; _module_preset=&#8221;default&#8221; global_colors_info=&#8221;{}&#8221;][et_pb_team_member name=&#8221;Adelina Cervantes Vega &#8221; position=&#8221;Asistente Ejecutiva &#8211; Jefatura de Secci\u00f3n Acad\u00e9mica&#8221; image_url=&#8221;https:\/\/embriologia.facmed.unam.mx\/wp-content\/uploads\/2022\/08\/cervantes.png&#8221; _builder_version=&#8221;4.16&#8243; _module_preset=&#8221;default&#8221; header_font=&#8221;|600|||||||&#8221; header_text_color=&#8221;#041F5E&#8221; global_colors_info=&#8221;{}&#8221;][\/et_pb_team_member][\/et_pb_column][et_pb_column type=&#8221;1_3&#8243; _builder_version=&#8221;4.16&#8243; _module_preset=&#8221;default&#8221; global_colors_info=&#8221;{}&#8221;][et_pb_team_member name=&#8221;Lic. Victor M. Garc\u00eda Garc\u00eda&#8221; position=&#8221;Profesionista Titulado &#8211; Administraci\u00f3n&#8221; image_url=&#8221;https:\/\/embriologia.facmed.unam.mx\/wp-content\/uploads\/2019\/11\/toriz-e1572989698671.jpg&#8221; _builder_version=&#8221;4.16&#8243; header_font=&#8221;Montserrat||||||||&#8221; header_text_align=&#8221;center&#8221; header_text_color=&#8221;#041f5e&#8221; body_font=&#8221;Montserrat||||||||&#8221; body_text_color=&#8221;#4d5bdb&#8221; text_orientation=&#8221;center&#8221; global_colors_info=&#8221;{}&#8221;][\/et_pb_team_member][\/et_pb_column][\/et_pb_row][et_pb_row column_structure=&#8221;1_3,1_3,1_3&#8243; _builder_version=&#8221;4.16&#8243; _module_preset=&#8221;default&#8221; global_colors_info=&#8221;{}&#8221;][et_pb_column type=&#8221;1_3&#8243; _builder_version=&#8221;4.16&#8243; _module_preset=&#8221;default&#8221; global_colors_info=&#8221;{}&#8221;][\/et_pb_column][et_pb_column type=&#8221;1_3&#8243; _builder_version=&#8221;4.16&#8243; _module_preset=&#8221;default&#8221; global_colors_info=&#8221;{}&#8221;][et_pb_team_member name=&#8221;Ang\u00e9lica Caballero Zamora&#8221; position=&#8221;Auxiliar de Laboratorio-Laboratorio de Desarrollo Gonadal&#8221; image_url=&#8221;https:\/\/embriologia.facmed.unam.mx\/wp-content\/uploads\/2019\/11\/angy.jpg&#8221; _builder_version=&#8221;4.16&#8243; _module_preset=&#8221;default&#8221; header_level=&#8221;h3&#8243; header_font=&#8221;|600|||||||&#8221; header_text_align=&#8221;center&#8221; header_text_color=&#8221;#041F5E&#8221; header_font_size=&#8221;17px&#8221; position_font=&#8221;|600|||||||&#8221; position_text_align=&#8221;center&#8221; global_colors_info=&#8221;{}&#8221;]<\/p>\n<p style=\"text-align: center;\"><span><\/span><\/p>\n<p style=\"text-align: center;\"><strong><\/strong><\/p>\n<p>[\/et_pb_team_member][\/et_pb_column][et_pb_column type=&#8221;1_3&#8243; _builder_version=&#8221;4.16&#8243; _module_preset=&#8221;default&#8221; global_colors_info=&#8221;{}&#8221;][et_pb_team_member name=&#8221;Lic. Martha E.  Ruiz Mendoza&#8221; position=&#8221;Jefa de Oficina &#8211; Coordinaci\u00f3n de Investigaci\u00f3n&#8221; image_url=&#8221;https:\/\/embriologia.facmed.unam.mx\/wp-content\/uploads\/2019\/11\/IMG_02291-e1573058883127.jpg&#8221; _builder_version=&#8221;4.16&#8243; header_font=&#8221;Montserrat||||||||&#8221; header_text_align=&#8221;center&#8221; header_text_color=&#8221;#041f5e&#8221; body_font=&#8221;Montserrat||||||||&#8221; body_text_color=&#8221;#4d5bdb&#8221; text_orientation=&#8221;center&#8221; global_colors_info=&#8221;{}&#8221;][\/et_pb_team_member][\/et_pb_column][\/et_pb_row][\/et_pb_section][et_pb_section fb_built=&#8221;1&#8243; _builder_version=&#8221;4.16&#8243; _module_preset=&#8221;default&#8221; custom_margin=&#8221;-5px|||||&#8221; custom_padding=&#8221;2px||2px|||&#8221; border_width_bottom=&#8221;4px&#8221; border_color_bottom=&#8221;#0069bc&#8221; global_colors_info=&#8221;{}&#8221;][et_pb_row column_structure=&#8221;1_2,1_2&#8243; _builder_version=&#8221;4.16&#8243; _module_preset=&#8221;default&#8221; max_width=&#8221;700px&#8221; animation_style=&#8221;slide&#8221; global_colors_info=&#8221;{}&#8221;][et_pb_column type=&#8221;1_2&#8243; disabled_on=&#8221;off|off|off&#8221; _builder_version=&#8221;4.16&#8243; _module_preset=&#8221;default&#8221; global_colors_info=&#8221;{}&#8221;][\/et_pb_column][et_pb_column type=&#8221;1_2&#8243; _builder_version=&#8221;4.16&#8243; _module_preset=&#8221;default&#8221; global_colors_info=&#8221;{}&#8221;][\/et_pb_column][\/et_pb_row][\/et_pb_section]<\/p>\n","protected":false},"excerpt":{"rendered":"<p>Administrador Lic. Oscar Silva Salgado\u00a0 Ubicaci\u00f3n:\u00a0Planta Baja, edificio \u201cA\u201d. Facultad de Medicina UNAM. Tel\u00e9fono de Contacto 55 56 23 21 56 &nbsp;FUNCIONES Llevar el control y registro del gasto seg\u00fan el presupuesto asignado. Tramitar la compra de los insumos que se necesiten para el funcionamiento del Departamento. Tramitar el pago oportuno a los proveedores ante [&hellip;]<\/p>\n","protected":false},"author":1,"featured_media":0,"parent":0,"menu_order":0,"comment_status":"closed","ping_status":"closed","template":"","meta":{"_et_pb_use_builder":"on","_et_pb_old_content":"","_et_gb_content_width":"","footnotes":""},"_links":{"self":[{"href":"https:\/\/embriologia.facmed.unam.mx\/index.php\/wp-json\/wp\/v2\/pages\/218"}],"collection":[{"href":"https:\/\/embriologia.facmed.unam.mx\/index.php\/wp-json\/wp\/v2\/pages"}],"about":[{"href":"https:\/\/embriologia.facmed.unam.mx\/index.php\/wp-json\/wp\/v2\/types\/page"}],"author":[{"embeddable":true,"href":"https:\/\/embriologia.facmed.unam.mx\/index.php\/wp-json\/wp\/v2\/users\/1"}],"replies":[{"embeddable":true,"href":"https:\/\/embriologia.facmed.unam.mx\/index.php\/wp-json\/wp\/v2\/comments?post=218"}],"version-history":[{"count":53,"href":"https:\/\/embriologia.facmed.unam.mx\/index.php\/wp-json\/wp\/v2\/pages\/218\/revisions"}],"predecessor-version":[{"id":4480,"href":"https:\/\/embriologia.facmed.unam.mx\/index.php\/wp-json\/wp\/v2\/pages\/218\/revisions\/4480"}],"wp:attachment":[{"href":"https:\/\/embriologia.facmed.unam.mx\/index.php\/wp-json\/wp\/v2\/media?parent=218"}],"curies":[{"name":"wp","href":"https:\/\/api.w.org\/{rel}","templated":true}]}}